{"id":10401,"date":"2019-01-21T11:53:00","date_gmt":"2019-01-21T09:53:00","guid":{"rendered":"http:\/\/www.abinsa.es\/?page_id=10401"},"modified":"2024-10-30T12:09:27","modified_gmt":"2024-10-30T11:09:27","slug":"qui-som","status":"publish","type":"page","link":"https:\/\/www.abinsa.es\/ca\/qui-som\/","title":{"rendered":"Qui som"},"content":{"rendered":"<div class=\"limit-wrapper\"><div class=\"row \"><div class=\"wpv-grid grid-1-1  wpv-first-level first unextended no-extended-padding\" style=\"padding-top:0.05px;padding-bottom:0.05px;\" id=\"wpv-column-43ed97deab67d0dc19883ee68dda7dcf\" ><h3 class=\"blau\">CONSTRUCTORA T\u00c8CNICA ABINSA<\/h3>\n<p>A Abinsa, ens enorgulleix ser una empresa jove i din\u00e0mica al sector de la construcci\u00f3 industrial, recolzada per una s\u00f2lida traject\u00f2ria que ens permet oferir solucions integrals i d&#8217;alta qualitat. Des dels nostres inicis, hem crescut i evolucionat, guanyant-nos la confian\u00e7a dels nostres clients gr\u00e0cies al nostre enfocament en l&#8217;efici\u00e8ncia, la fiabilitat i el compliment rigor\u00f3s dels terminis. El nostre equip de professionals altament qualificats treballa amb passi\u00f3 i comprom\u00eds, abordant cada projecte per tal de superar les expectatives i aportar valor real. Creiem en la innovaci\u00f3 constant i en la millora cont\u00ednua, cosa que ens permet adaptar-nos a les necessitats canviants del mercat i oferir sempre les millors solucions.<\/div><\/div><\/div>\n<div class=\"push \" style=\"height:58px\"><\/div>\n<div class=\"row \"><div class=\"wpv-grid grid-1-1  wpv-first-level first has-background extended-content unextended no-extended-padding\" style=\"\n\t\t\t\tbackground: url( &#039;http:\/\/www.abinsa.es\/wp-content\/uploads\/2019\/01\/franja-quisom-separador.jpg&#039; )  ;\n\t\t\t\tbackground-size: cover;\n\t\t\tpadding-top:45px;padding-bottom:53px;padding-left:15px;padding-right:15px;\" id=\"wpv-column-c578373c41fce76127cf50b2d208752b\" ><div class=\"extended-column-inner\"><div class=\"push \" style=\"height:140px\"><\/div><\/div><\/div><\/div>\n","protected":false},"excerpt":{"rendered":"<p>CONSTRUCTORA T\u00c8CNICA ABINSA A Abinsa, ens enorgulleix ser una empresa jove i din\u00e0mica al sector de la construcci\u00f3 industrial, recolzada per una s\u00f2lida traject\u00f2ria que ens permet oferir solucions integrals i d&#8217;alta qualitat. Des dels nostres inicis, hem crescut i evolucionat, guanyant-nos la confian\u00e7a dels nostres clients gr\u00e0cies al nostre enfocament en l&#8217;efici\u00e8ncia, la fiabilitat&#8230;<\/p>\n","protected":false},"author":1,"featured_media":0,"parent":0,"menu_order":0,"comment_status":"closed","ping_status":"closed","template":"","meta":{"footnotes":""},"class_list":["post-10401","page","type-page","status-publish","hentry"],"_links":{"self":[{"href":"https:\/\/www.abinsa.es\/ca\/wp-json\/wp\/v2\/pages\/10401"}],"collection":[{"href":"https:\/\/www.abinsa.es\/ca\/wp-json\/wp\/v2\/pages"}],"about":[{"href":"https:\/\/www.abinsa.es\/ca\/wp-json\/wp\/v2\/types\/page"}],"author":[{"embeddable":true,"href":"https:\/\/www.abinsa.es\/ca\/wp-json\/wp\/v2\/users\/1"}],"replies":[{"embeddable":true,"href":"https:\/\/www.abinsa.es\/ca\/wp-json\/wp\/v2\/comments?post=10401"}],"version-history":[{"count":24,"href":"https:\/\/www.abinsa.es\/ca\/wp-json\/wp\/v2\/pages\/10401\/revisions"}],"predecessor-version":[{"id":11015,"href":"https:\/\/www.abinsa.es\/ca\/wp-json\/wp\/v2\/pages\/10401\/revisions\/11015"}],"wp:attachment":[{"href":"https:\/\/www.abinsa.es\/ca\/wp-json\/wp\/v2\/media?parent=10401"}],"curies":[{"name":"wp","href":"https:\/\/api.w.org\/{rel}","templated":true}]}}