{"id":10429,"date":"2019-01-21T19:30:24","date_gmt":"2019-01-21T17:30:24","guid":{"rendered":"http:\/\/www.abinsa.es\/?page_id=10429"},"modified":"2024-10-24T17:00:29","modified_gmt":"2024-10-24T15:00:29","slug":"serveis","status":"publish","type":"page","link":"https:\/\/www.abinsa.es\/ca\/serveis\/","title":{"rendered":"Serveis"},"content":{"rendered":"<div class=\"limit-wrapper\"><div class=\"row \"><div class=\"wpv-grid grid-1-5  wpv-first-level first unextended has-extended-padding\" style=\"padding-top:0.05px;padding-bottom:0.05px;\" id=\"wpv-column-5d244b8bdeb11634d49f1c871600b357\" ><\/div>\n<div class=\"wpv-grid grid-3-5  wpv-first-level unextended has-extended-padding\" style=\"padding-top:0.05px;padding-bottom:0.05px;\" id=\"wpv-column-07405784a62e659773b1e63ec5f4aba9\" ><div class=\"row \"><div class=\"wpv-grid grid-1-1  first unextended no-extended-padding\" style=\"padding-top:0.05px;padding-bottom:0.05px;\" id=\"wpv-column-e55cf989fa38d4fef4743ebd88c6252a\" ><h3 class=\"blau\" style=\"text-align: center;\">SOM ESPECIALISTES EN CONSTRUCCI\u00d3 INDUSTRIAL<\/h3>\n<p style=\"text-align: center;\">Ens avalen m\u00e9s de trenta anys d\u2019experi\u00e8ncia dins del sector de la construcci\u00f3 d\u2019edificis industrials. Els nostres mitjans t\u00e8cnics i un equip hum\u00e0 altament qualificat, fan de Constructora T\u00e8cnica Abinsa la opci\u00f3 m\u00e9s s\u00f2lida i segura a l\u2019hora de materialitzar el seu projecte, sigui quina sigui la seva envergadura.<\/div><\/div>\n<div class=\"push \" style=\"height:30px\"><\/div><\/div>\n<div class=\"wpv-grid grid-1-5  wpv-first-level unextended has-extended-padding\" style=\"padding-top:0.05px;padding-bottom:0.05px;\" id=\"wpv-column-dc3f2ce95669e338ecdb3926a6948cfe\" ><\/div><\/div><\/div>\n<div class=\"limit-wrapper\"><div class=\"row \"><div class=\"wpv-grid grid-1-1 caixa wpv-first-level first unextended no-extended-padding\" style=\"padding-top:0.05px;padding-bottom:0.05px;\" id=\"wpv-column-ff87b97c03f508b4d9dd7675c108aace\" ><div class=\"row \"><div class=\"wpv-grid grid-1-2  first unextended has-extended-padding\" style=\"padding-top:0.05px;padding-bottom:0.05px;\" id=\"wpv-column-c6acf851426bac0aecdf15172fde8e0e\" ><div class=\"row \"><div class=\"wpv-grid grid-1-1  first unextended no-extended-padding\" style=\"padding-top:0.05px;padding-bottom:0.05px;\" id=\"wpv-column-ed7595524ccdfc9d444aba315a657d87\" ><p style=\"text-align: center;\"><img loading=\"lazy\" decoding=\"async\" class=\"aligncenter wp-image-10432 size-full\" src=\"http:\/\/www.abinsa.es\/wp-content\/uploads\/2019\/01\/picto-01-1.png\" alt=\"\" width=\"69\" height=\"64\" \/><\/p>\n<h4 class=\"projecte\">AN\u00c0LISI I PROJECTE<\/h4><\/div><\/div>\n<div class=\"sep\"><\/div>\n<div class=\"row \"><div class=\"wpv-grid grid-1-1  first unextended no-extended-padding\" style=\"padding-top:0.05px;padding-bottom:0.05px;\" id=\"wpv-column-3dcd74c802892bd35e9bb50b9098fb7d\" ><ul>\n<li>Estudiem les necessitats del client amb la finalitat de trobar la soluci\u00f3 m\u00e9s \u00f2ptima en quant a disseny i operativitat.<\/li>\n<li>Elaborem avantprojectes proposant diferents alternatives d\u2019implantaci\u00f3.<\/li>\n<li>Analitzem acuradament els costos per oferir la millor valoraci\u00f3 i fixar els objectius econ\u00f2mics de la operaci\u00f3.<\/li>\n<li>Desenvolupem tant el projecte b\u00e0sic como el projecte executiu, instal\u00b7lacions, oficines i tots els acabats inclosos.<\/li>\n<li>Gestionem i tramitem tota la documentaci\u00f3 de cara a la obtenci\u00f3 de les corresponents llic\u00e8ncies administratives.<\/li>\n<\/ul><\/div><\/div><\/div>\n<div class=\"wpv-grid grid-1-2 espai-sup unextended no-extended-padding\" style=\"padding-top:0.05px;padding-bottom:0.05px;\" id=\"wpv-column-1f7e576b8de99661ba74bef8d92549e3\" ><div class=\"row \"><div class=\"wpv-grid grid-1-1  first unextended no-extended-padding\" style=\"padding-top:0.05px;padding-bottom:0.05px;\" id=\"wpv-column-b6cfb4bfd7662512070df8c88175b799\" ><p style=\"text-align: center;\"><img loading=\"lazy\" decoding=\"async\" class=\"aligncenter wp-image-10433 size-full\" src=\"http:\/\/www.abinsa.es\/wp-content\/uploads\/2019\/01\/picto-02-1.png\" alt=\"\" width=\"64\" height=\"64\" srcset=\"https:\/\/www.abinsa.es\/wp-content\/uploads\/2019\/01\/picto-02-1.png 64w, https:\/\/www.abinsa.es\/wp-content\/uploads\/2019\/01\/picto-02-1-60x60.png 60w, https:\/\/www.abinsa.es\/wp-content\/uploads\/2019\/01\/picto-02-1-43x43.png 43w\" sizes=\"(max-width: 64px) 100vw, 64px\" \/><\/p>\n<h4 class=\"projecte\" style=\"text-align: center;\">CONSTRUCCI\u00d3 DE NAUS<\/h4><\/div><\/div>\n<div class=\"sep\"><\/div>\n<div class=\"row \"><div class=\"wpv-grid grid-1-1  first unextended no-extended-padding\" style=\"padding-top:0.05px;padding-bottom:0.05px;\" id=\"wpv-column-d65c4a7e628d50cd964cf42fc3d99249\" ><ul>\n<li>Executem els projectes de construcci\u00f3 en la modalitat claus en ma i promoci\u00f3 delegada, a preu tancat, gestionant la totalitat del proc\u00e9s, des del disseny a la edificaci\u00f3 de l\u2019immoble.<\/li>\n<li>Portem tamb\u00e9 a terme la execuci\u00f3 de projectes gestionats per la Direcci\u00f3 Facultativa designada pel propietari o promotor.<\/li>\n<li>Garantim que la construcci\u00f3 culminar\u00e0 respectant els terminis acordats i complint amb tots els objectius i expectatives de qualitat del client.<\/li>\n<\/ul><\/div><\/div><\/div><\/div>\n<div class=\"row \"><div class=\"wpv-grid grid-1-2  first unextended has-extended-padding\" style=\"padding-top:0.05px;padding-bottom:0.05px;\" id=\"wpv-column-598bab87334c77b3dd2b0d17ce92a61e\" ><div class=\"push \" style=\"height:30px\"><\/div>\n<div class=\"row \"><div class=\"wpv-grid grid-1-1  first unextended no-extended-padding\" style=\"padding-top:0.05px;padding-bottom:0.05px;\" id=\"wpv-column-fd1fc548df53753d9c2be703324ebf16\" ><p style=\"text-align: center;\"><img loading=\"lazy\" decoding=\"async\" class=\"aligncenter size-full wp-image-10958\" src=\"https:\/\/www.abinsa.es\/wp-content\/uploads\/2024\/10\/rehabilitacion.png\" alt=\"\" width=\"69\" height=\"64\" \/><\/p>\n<h4 class=\"projecte\" style=\"text-align: center;\">REHABILITACI\u00d3 DE NAUS<\/h4><\/div><\/div>\n<div class=\"sep\"><\/div>\n<div class=\"row \"><div class=\"wpv-grid grid-1-1  first unextended no-extended-padding\" style=\"padding-top:0.05px;padding-bottom:0.05px;\" id=\"wpv-column-7e0bc109ab829ec0ccde986860f3feb6\" ><p>Som especialistes en la rehabilitaci\u00f3 integral de naus industrials i log\u00edstiques, adaptant-les a les noves exig\u00e8ncies t\u00e8cniques, normatives i operatives. La nostra experi\u00e8ncia ens permet fer des de la renovaci\u00f3 estructural i la millora de l&#8217;efici\u00e8ncia energ\u00e8tica fins a la modernitzaci\u00f3 d&#8217;instal\u00b7lacions i espais de treball. Oferim solucions personalitzades que optimitzen el rendiment i perllonguen la vida \u00fatil de les instal\u00b7lacions, assegurant que cada projecte s&#8217;executi amb la m\u00e0xima qualitat i minimitzant l&#8217;impacte a les operacions di\u00e0ries dels nostres clients.<\/div><\/div><\/div>\n<div class=\"wpv-grid grid-1-2  unextended has-extended-padding\" style=\"padding-top:0.05px;padding-bottom:0.05px;\" id=\"wpv-column-356f46c5027e63709ce003e7c9a30320\" ><div class=\"push \" style=\"height:30px\"><\/div>\n<div class=\"row \"><div class=\"wpv-grid grid-1-1  first unextended no-extended-padding\" style=\"padding-top:0.05px;padding-bottom:0.05px;\" id=\"wpv-column-7fb60748ca101ce0f59379ef1d0c2191\" ><p style=\"text-align: center;\"><img loading=\"lazy\" decoding=\"async\" class=\"aligncenter size-full wp-image-10815\" src=\"https:\/\/www.abinsa.es\/wp-content\/uploads\/2019\/02\/picto-03.png\" alt=\"\" width=\"100\" height=\"64\" \/><\/p>\n<h4 class=\"projecte\">OFICINES I ACABATS<\/h4><\/div><\/div>\n<div class=\"sep\"><\/div>\n<div class=\"row \"><div class=\"wpv-grid grid-1-1  first unextended no-extended-padding\" style=\"padding-top:0.05px;padding-bottom:0.05px;\" id=\"wpv-column-51dcae4727710b2e31351ebc9b7fdfe8\" ><p>Completem la construcci\u00f3 dels edificis industrials o log\u00edstics amb tots els acabats i oficines de disseny exclusiu i totalment equipades segons les necessitats de cada client i altres elements com vestuaris i serveis destinats al personal (menjador, sales de descans, formaci\u00f3, etc.).<\/div><\/div><\/div><\/div>\n<div class=\"row \"><div class=\"wpv-grid grid-1-2  first unextended has-extended-padding\" style=\"padding-top:0.05px;padding-bottom:0.05px;\" id=\"wpv-column-04a3c64efd2032673d7b06ec79fcc7a1\" ><div class=\"push \" style=\"height:30px\"><\/div>\n<div class=\"row \"><div class=\"wpv-grid grid-1-1  first unextended no-extended-padding\" style=\"padding-top:0.05px;padding-bottom:0.05px;\" id=\"wpv-column-984bb3012bfc6e36c17773ba253c313f\" ><p style=\"text-align: center;\"><img loading=\"lazy\" decoding=\"async\" class=\"aligncenter wp-image-10435 size-full\" src=\"http:\/\/www.abinsa.es\/wp-content\/uploads\/2019\/01\/picto-04-1.png\" alt=\"\" width=\"71\" height=\"63\" \/><\/p>\n<h4 class=\"projecte\">URBANITZACI\u00d3<\/h4><\/div><\/div>\n<div class=\"sep\"><\/div>\n<div class=\"row \"><div class=\"wpv-grid grid-1-1  first unextended no-extended-padding\" style=\"padding-top:0.05px;padding-bottom:0.05px;\" id=\"wpv-column-8a76b1d06fb56187eb67a149b6da722f\" ><p>Urbanitzem Unitats d\u2019Actuaci\u00f3, sectors, parcel\u2022les i patis exteriors de les naus, incloent tots els serveis necessaris (clavegueram, instal\u2022lacions, il\u2022luminaci\u00f3, senyalitzaci\u00f3, jardineria, etc.).<\/div><\/div><\/div><\/div><\/div><\/div><\/div>\n<div class=\"limit-wrapper\"><div class=\"row \"><div class=\"wpv-grid grid-1-1  wpv-first-level first unextended has-extended-padding\" style=\"padding-top:0.05px;padding-bottom:0.05px;\" id=\"wpv-column-6eccb03d5f2a5b948bca023a30689bb6\" ><div class=\"push \" style=\"height:66px\"><\/div><\/div><\/div><\/div>\n","protected":false},"excerpt":{"rendered":"<p>SOM ESPECIALISTES EN CONSTRUCCI\u00d3 INDUSTRIAL Ens avalen m\u00e9s de trenta anys d\u2019experi\u00e8ncia dins del sector de la construcci\u00f3 d\u2019edificis industrials. Els nostres mitjans t\u00e8cnics i un equip hum\u00e0 altament qualificat, fan de Constructora T\u00e8cnica Abinsa la opci\u00f3 m\u00e9s s\u00f2lida i segura a l\u2019hora de materialitzar el seu projecte, sigui quina sigui la seva envergadura. AN\u00c0LISI&#8230;<\/p>\n","protected":false},"author":1,"featured_media":0,"parent":0,"menu_order":0,"comment_status":"closed","ping_status":"closed","template":"","meta":{"footnotes":""},"class_list":["post-10429","page","type-page","status-publish","hentry"],"_links":{"self":[{"href":"https:\/\/www.abinsa.es\/ca\/wp-json\/wp\/v2\/pages\/10429"}],"collection":[{"href":"https:\/\/www.abinsa.es\/ca\/wp-json\/wp\/v2\/pages"}],"about":[{"href":"https:\/\/www.abinsa.es\/ca\/wp-json\/wp\/v2\/types\/page"}],"author":[{"embeddable":true,"href":"https:\/\/www.abinsa.es\/ca\/wp-json\/wp\/v2\/users\/1"}],"replies":[{"embeddable":true,"href":"https:\/\/www.abinsa.es\/ca\/wp-json\/wp\/v2\/comments?post=10429"}],"version-history":[{"count":22,"href":"https:\/\/www.abinsa.es\/ca\/wp-json\/wp\/v2\/pages\/10429\/revisions"}],"predecessor-version":[{"id":10967,"href":"https:\/\/www.abinsa.es\/ca\/wp-json\/wp\/v2\/pages\/10429\/revisions\/10967"}],"wp:attachment":[{"href":"https:\/\/www.abinsa.es\/ca\/wp-json\/wp\/v2\/media?parent=10429"}],"curies":[{"name":"wp","href":"https:\/\/api.w.org\/{rel}","templated":true}]}}