{"id":10509,"date":"2019-01-22T10:15:32","date_gmt":"2019-01-22T08:15:32","guid":{"rendered":"http:\/\/www.abinsa.es\/?page_id=10509"},"modified":"2024-10-24T17:25:20","modified_gmt":"2024-10-24T15:25:20","slug":"avis-legal","status":"publish","type":"page","link":"https:\/\/www.abinsa.es\/ca\/avis-legal\/","title":{"rendered":"Av\u00eds legal"},"content":{"rendered":"<div class=\"limit-wrapper\"><div class=\"row \"><div class=\"wpv-grid grid-1-1  wpv-first-level first unextended no-extended-padding\" style=\"padding-top:0.05px;padding-bottom:0.05px;\" id=\"wpv-column-1c9e76fe40540f7cf48ff7b557a8f842\" ><ol>\n<li><strong> Titularidad del portal web<\/strong><\/li>\n<\/ol>\n<p>CONSTRUCTORA TECNICA ABINSA, S.L.. (en adelante, <strong>Abinsa<\/strong>), es el titular de este portal web (en adelante, el Portal). Su domicilio social se encuentra situado en el C\/ Sakura, 51 Pol. Ind. Pla de Santa Anna, 08272 Sant Fruit\u00f3s de Bages, (Barcelona) y su CIF es B67127589. El contacto electr\u00f3nico con Abinsa puede realizarse a trav\u00e9s de la p\u00e1gina de contacto.<\/p>\n<p>Abinsa se encuentra inscrita en el Registro Mercantil de Barcelona, Tomo 46250, Folio 124, Hoja B 514264, Inscripci\u00f3n 1.<\/p>\n<p>El nombre de dominio a trav\u00e9s del cual Vd. ha accedido al Portal es titularidad de la Abinsa.<\/p>\n<p>Dicho nombre de dominio no podr\u00e1 ser utilizado en conexi\u00f3n con otros contenidos, productos o servicios que no sean titularidad de la Abinsa ni de ninguna manera que pueda causar confusi\u00f3n entre los usuarios finales o el descr\u00e9dito de Abinsa.<\/p>\n<ol start=\"2\">\n<li><strong> Objeto<\/strong><\/li>\n<\/ol>\n<p>Esta p\u00e1gina de Informaci\u00f3n legal recoge las condiciones de uso que regulan el acceso, navegaci\u00f3n y uso del Portal, as\u00ed como las responsabilidades derivadas de la utilizaci\u00f3n, prestaci\u00f3n y\/o contrataci\u00f3n de los productos o servicios que, en su caso, puedan ser ofrecidos, as\u00ed como de los contenidos que lo integran, y sin perjuicio de que Abinsa pueda establecer condiciones particulares que regulen la utilizaci\u00f3n, prestaci\u00f3n y\/o contrataci\u00f3n de productos o servicios que, en su caso, sean ofrecidos a los Usuarios a trav\u00e9s del Portal. En todo caso, dichas condiciones particulares formar\u00e1n parte integrante del presente Aviso Legal.<\/p>\n<p>El mero acceso al Portal, la cumplimentaci\u00f3n de formularios, el env\u00edo de solicitudes de informaci\u00f3n, consultas, quejas, ofertas de contrataci\u00f3n, curr\u00edculum vitae y, en general, cualquier acto de naturaleza similar a los anteriores realizados a trav\u00e9s de los formularios y\/o buzones electr\u00f3nicos existentes en el Portal implicar\u00e1, por su parte, la aceptaci\u00f3n sin reservas de todas y cada una de las normas integrantes del presente Aviso Legal y la adquisici\u00f3n de la consideraci\u00f3n de Usuario del Portal. En consecuencia, Vd. debe leer atentamente y conocer el contenido del presente Aviso Legal.<\/p>\n<p>En caso de ser ofrecidos, a trav\u00e9s del Portal, la utilizaci\u00f3n, prestaci\u00f3n y\/o contrataci\u00f3n de productos o servicios, el hecho de ser utilizados y\/o solicitados por el Usuario implicar\u00e1, asimismo, la aceptaci\u00f3n sin reservas de las condiciones particulares que, en su caso, hayan sido establecidas al efecto, y que formar\u00e1n parte integrante del presente Aviso Legal.<\/p>\n<ol start=\"3\">\n<li><strong> Acceso y uso del Portal<\/strong><\/li>\n<\/ol>\n<p>El acceso al Portal por parte de los Usuarios tiene car\u00e1cter libre y gratuito. No obstante, la utilizaci\u00f3n, prestaci\u00f3n y\/o contrataci\u00f3n de los productos o servicios que, en su caso, puedan ser ofrecidos por Abinsa puede estar sujeta a la previo observancia de requisitos formales tales como la cumplimentaci\u00f3n del correspondiente formulario, abono de gastos o tasas y\/o la previa aceptaci\u00f3n de las condiciones particulares que resulten de aplicaci\u00f3n a los mismos.<\/p>\n<p>El mero acceso al Portal no implica, en s\u00ed mismo, el establecimiento de ning\u00fan tipo de v\u00ednculo o relaci\u00f3n comercial entre Abinsa\u00a0 y el Usuario, salvo cuando se hayan establecido los medios oportunos para ello y el Usuario haya dado cumplimiento previo a los requisitos que, en su caso, sean establecidos.<\/p>\n<p>La inclusi\u00f3n en el Portal de informaci\u00f3n relativa a productos o servicios ofrecidos por Abinsa tiene exclusivamente fines informativos y publicitarios, salvo que sea establecida expresamente otra finalidad.<\/p>\n<p>En todo caso, el acceso, navegaci\u00f3n y uso del Portal y, en su caso, el uso o contrataci\u00f3n de los servicios o productos que sean ofrecidos a trav\u00e9s del mismo se hace bajo la \u00fanica y exclusiva responsabilidad del Usuario, por lo que \u00e9ste se compromete a observar diligente y fielmente cualquier instrucci\u00f3n adicional, impartida por Abinsa o por personal autorizado de Abinsa, relativa al uso del Portal y sus contenidos.<\/p>\n<p>Por lo tanto, el Usuario se obliga a usar los contenidos, productos y servicios de forma diligente, correcta y l\u00edcita, de conformidad con la legislaci\u00f3n vigente y, en particular, se compromete a abstenerse de:<\/p>\n<p>(i) Utilizarlos con fines o efectos contrarios a la ley, a la moral, a las buenas costumbres generalmente aceptadas o al orden p\u00fablico y a las instrucciones recibidas de Abinsa.<\/p>\n<p>(ii) Utilizarlos con fines lesivos de los leg\u00edtimos derechos de terceros.<\/p>\n<p>(iii) Emplear los contenidos y productos y, en particular, la informaci\u00f3n de cualquier clase obtenida a trav\u00e9s del Portal o de los servicios para remitir publicidad, comunicaciones con fines de venta directa o con cualquier otra clase de finalidad comercial, mensajes no solicitados dirigidos a una pluralidad de personas con independencia de su finalidad, as\u00ed como abstenerse de comercializar o divulgar de cualquier modo dicha informaci\u00f3n.<\/p>\n<ol start=\"4\">\n<li><strong> Responsabilidades y limitaciones<\/strong><\/li>\n<\/ol>\n<p>Abinsa no puede garantizar la fiabilidad, utilidad o veracidad de la informaci\u00f3n que se preste a trav\u00e9s del Portal.<\/p>\n<p>En consecuencia, Abinsa no garantiza ni se hace responsable de:<\/p>\n<p>(i) La continuidad de los contenidos del Portal y\/o la falta de disponibilidad o accesibilidad del Portal o continuidad t\u00e9cnica del mismo;<\/p>\n<p>(ii) La ausencia de errores en dichos contenidos o productos;<\/p>\n<p>(iii) La ausencia de virus y dem\u00e1s componentes da\u00f1inos en el Portal o en el servidor que lo suministra;<\/p>\n<p>(iv) La invulnerabilidad del Portal y\/o la inexpugnabilidad de las medidas de seguridad que se adopten en el mismo;<\/p>\n<p>(v) En su caso, la falta de utilidad o rendimiento de los contenidos o servicios del Portal;<\/p>\n<p>(vi) Los da\u00f1os o perjuicios que cause, a s\u00ed mismo o a un tercero, cualquier persona que infringiera las condiciones, normas e instrucciones que las Entidades establecen en el Portal o a trav\u00e9s de la vulneraci\u00f3n de los sistemas de seguridad del mismo;<\/p>\n<p>(vii) Cualesquiera otros da\u00f1os que pudieran ser causados por motivos inherentes al no funcionamiento o al funcionamiento defectuoso del Portal o de los sitios web a los que, en su caso, se hayan podido establecer links.<\/p>\n<p>Ello no obstante, cada Entidad declara que ha adoptado todas las medidas necesarias, dentro de sus posibilidades y del estado de la tecnolog\u00eda, para garantizar el funcionamiento del Portal y evitar la existencia y transmisi\u00f3n de virus y dem\u00e1s componentes da\u00f1inos a los Usuarios.<\/p>\n<p>Abinsa realiza los m\u00e1ximos esfuerzos para evitar errores en los contenidos que se publican en el Portal. Todos los contenidos que se ofrecen a trav\u00e9s del Portal se encuentran actualizados, reserv\u00e1ndose Abinsa la facultad de poder modificarlos en cualquier momento. Abinsa no se responsabiliza de las consecuencias que puedan derivarse de los errores en los contenidos que puedan aparecer en el Portal proporcionados por terceros.<\/p>\n<p>Queda prohibida cualquier comunicaci\u00f3n o transmisi\u00f3n de contenidos que infrinja los derechos de terceros y cuyo contenido sea amenazante, obsceno, difamatorio, pornogr\u00e1fico, xen\u00f3fobo, atentatorio contra la dignidad de la persona o los derechos de la infancia, la legalidad vigente o cualquier conducta que incite o constituya la realizaci\u00f3n de una ofensa penal.<\/p>\n<p>Asimismo queda prohibida la inclusi\u00f3n y comunicaci\u00f3n de contenidos, por parte de los usuarios, que sean falsos o inexactos y que induzcan o puedan inducir a error al resto de usuarios o al personal de Abinsa, en particular los contenidos que se encuentren protegidos por cualesquiera derechos de propiedad intelectual o industrial, pertenecientes a terceras personas, cuando no cuenten con la autorizaci\u00f3n del titular de los derechos, menoscaben o desprestigien la fama o cr\u00e9dito de Abinsa, sean considerados como una caso de publicidad il\u00edcita, enga\u00f1osa o desleal y\/o incorporen virus o cualquier otro elemento electr\u00f3nico que pudiese da\u00f1ar o impedir el funcionamiento del sitio web, de la red, equipos inform\u00e1ticos de Abinsa o terceros y\/o el acceso al portal del resto de usuarios.<\/p>\n<p>Abinsa podr\u00e1 prohibir el acceso al Portal de cualquier Usuario que realice cualquiera de las conductas referenciadas, con car\u00e1cter enunciativo y no limitativo, en el presente apartado.<\/p>\n<ol start=\"5\">\n<li><strong> Derechos de Propiedad Intelectual e Industrial<\/strong><\/li>\n<\/ol>\n<p>Abinsa es titular o ha obtenido la correspondiente licencia sobre los derechos de explotaci\u00f3n en materia de propiedad intelectual, industrial y de imagen sobre los contenidos disponibles a trav\u00e9s del mismo, entre otros a t\u00edtulo meramente enunciativo y no exhaustivo, los textos, dise\u00f1os gr\u00e1ficos, dibujos, c\u00f3digos, software, fotograf\u00edas, v\u00eddeos, sonidos, bases de datos, \u00edndices, im\u00e1genes, marcas, logotipos, expresiones e informaciones y, en general, cualquier otra creaci\u00f3n protegida por las normas nacionales y tratados internacionales sobre propiedad intelectual e industrial (en adelante, conjuntamente, los Contenidos).<\/p>\n<p>Quedan reservados todos los derechos de propiedad intelectual e industrial sobre los Contenidos y, en particular, queda prohibido modificar, copiar, reproducir, comunicar p\u00fablicamente, transformar o distribuir de cualquier forma la totalidad o parte de los Contenidos incluidos en el Portal, para prop\u00f3sitos p\u00fablicos o comerciales, si no se cuenta con la autorizaci\u00f3n previa, expresa y por escrito de Abinsa o, en su caso, del titular de los derechos a que corresponda.<\/p>\n<p>El acceso y navegaci\u00f3n del Usuario por el Portal en ning\u00fan caso se entender\u00e1 como una renuncia, transmisi\u00f3n, licencia o cesi\u00f3n total ni parcial de los derechos antes indicados por parte de Abinsa.<\/p>\n<p>En consecuencia, no est\u00e1 permitido suprimir, eludir o manipular el aviso de derechos de autor (&#8220;copyright&#8221;) y cualesquiera otros datos de identificaci\u00f3n de los derechos de Abinsa o de sus titulares incorporados a los Contenidos, as\u00ed como los dispositivos t\u00e9cnicos de protecci\u00f3n, las huellas digitales o cualesquiera mecanismos de informaci\u00f3n y\/o de identificaci\u00f3n que pudieren contenerse en los mismos.<\/p>\n<p>Las referencias a nombres y marcas comerciales o registradas, logotipos u otros signos distintivos, ya sean titularidad de Abinsa o de terceras empresas, llevan impl\u00edcitas la prohibici\u00f3n sobre su uso sin el consentimiento de Abinsa o de sus leg\u00edtimos propietarios. En ning\u00fan momento, salvo manifestaci\u00f3n expresa el acceso o uso del Portal y\/o de sus Contenidos, confiere al usuario derecho alguno sobre las marcas, logotipos y\/o signos distintivos en \u00e9l incluidos protegidos por Ley.<\/p>\n<ol start=\"6\">\n<li><strong> Enlaces<\/strong><\/li>\n<\/ol>\n<p><strong>6.1 Enlaces desde el Portal a otras p\u00e1ginas web<\/strong><\/p>\n<p>Abinsa puede ofrecer enlaces, directa o indirectamente, a recursos o p\u00e1ginas web de Internet que se encuentran fuera del Portal. La presencia de estos enlaces en el Portal tienen una finalidad informativa, no constituyendo en ning\u00fan caso una invitaci\u00f3n a la contrataci\u00f3n de productos y\/o servicios que se ofrezcan o puedan ofrecer en las p\u00e1ginas web de destino ni implica la existencia de v\u00ednculo o relaci\u00f3n mercantil o de dependencia con la entidad titular de la p\u00e1gina web enlazada. En estos casos, Abinsa no ser\u00e1 responsable de establecer las condiciones generales y particulares a tener en cuenta en la utilizaci\u00f3n, prestaci\u00f3n o contrataci\u00f3n de estos servicios por terceros y, por lo tanto, no podr\u00e1 ser considerada responsable de los mismos.<\/p>\n<p>Abinsa no tiene facultad ni medios humanos ni t\u00e9cnicos para conocer, controlar ni aprobar toda la informaci\u00f3n, contenidos, productos o servicios facilitados por otras p\u00e1ginas web a las que se puedan establecer enlaces desde el Portal. En consecuencia, Abinsa no podr\u00e1 asumir ning\u00fan tipo de responsabilidad por cualquier aspecto relativo a las p\u00e1ginas web a las que se pudieran establecer un enlace desde el Portal, en concreto, a t\u00edtulo enunciativo y no taxativo, sobre su funcionamiento, acceso, datos, informaci\u00f3n, archivos, calidad y fiabilidad de sus productos y servicios, sus propios enlaces y\/o cualquiera de sus contenidos, en general.<\/p>\n<p>Ello no obstante, en caso de que Abinsa llegue a tener conocimiento efectivo de que la actividad o la informaci\u00f3n a la que se remite desde dichos enlaces es il\u00edcita, constitutiva de delito o puede lesionar bienes o derechos de un tercero, actuar\u00e1 con la diligencia necesaria para suprimir o inutilizar el enlace correspondiente con la mayor brevedad posible.<\/p>\n<p>Asimismo, si los Usuarios tuvieran conocimiento efectivo de la ilicitud de actividades desarrolladas a trav\u00e9s de estas p\u00e1ginas web de terceros, deber\u00e1n comunicarlo inmediatamente a Abinsa a los efectos de que se proceda a deshabilitar el enlace de acceso a la misma.<\/p>\n<p><strong>6.2 Enlaces desde otras p\u00e1ginas web al Portal<\/strong><\/p>\n<p>Si cualquier Usuario, entidad o p\u00e1gina web deseara establecer alg\u00fan tipo de enlace con destino al Portal deber\u00e1 atenerse a las siguientes estipulaciones:<\/p>\n<p>(i) Deber\u00e1 recabar la autorizaci\u00f3n previa, expresa y por escrito de Abinsa.<\/p>\n<p>(ii) El enlace solamente se podr\u00e1 dirigir a la p\u00e1gina principal del Portal, salvo que expresamente se autorice cosa distinta.<\/p>\n<p>(iii) El enlace debe ser absoluto y completo, es decir, debe llevar al Usuario, mediante un clic, a la p\u00e1gina principal y debe abarcar completamente toda la extensi\u00f3n de la pantalla de la p\u00e1gina principal del Portal. En ning\u00fan caso, salvo que Abinsa autorice cosa distinta, la p\u00e1gina web desde la que se realice el enlace podr\u00e1 reproducir, de cualquier manera el Portal, incluirlo como parte de su web o dentro de uno de sus &#8220;frames&#8221; o crear un &#8220;browser&#8221; sobre cualquiera de las p\u00e1ginas del Portal.<\/p>\n<p>(iv) En la p\u00e1gina web desde la que se establece el enlace no se podr\u00e1 declarar de ninguna manera que Abinsa ha autorizado tal enlace, sin que as\u00ed haya sido. Si la entidad que realiza el enlace desde su p\u00e1gina al Portal correctamente deseara incluir en su p\u00e1gina web la marca, denominaci\u00f3n, nombre comercial, r\u00f3tulo, logotipo, o cualquier otro signo identificativo de Abinsa y\/o del Portal, deber\u00e1 contar previamente con la autorizaci\u00f3n previa, expresa y por escrito de Abinsa.<\/p>\n<p>(v) En todo caso, Abinsa proh\u00edbe el establecimiento de un enlace al Portal desde aquellas p\u00e1ginas web que contengan materiales, informaci\u00f3n o contenidos il\u00edcitos, ilegales, degradantes, obscenos, y en general, que contravengan la moral, el orden p\u00fablico, la legislaci\u00f3n vigente, las normas sociales generalmente aceptadas o sean lesivos de leg\u00edtimos derechos de terceros.<\/p>\n<ol start=\"7\">\n<li><strong> Duraci\u00f3n y modificaci\u00f3n<\/strong><\/li>\n<\/ol>\n<p>Abinsa se reserva el derecho de modificar el presente Aviso Legal y\/o las condiciones particulares que, en su caso, hayan sido establecidas para la utilizaci\u00f3n y\/o contrataci\u00f3n de los productos o servicios prestados a trav\u00e9s del Portal, cuando lo considere oportuno o con la finalidad de adecuarse a los cambios legislativos y tecnol\u00f3gicos, siendo v\u00e1lidas y surtiendo sus efectos desde la publicaci\u00f3n en el Portal.<\/p>\n<p>La vigencia temporal de estas condiciones de uso coincide, por lo tanto, con el tiempo de su exposici\u00f3n, hasta que sean modificadas total o parcialmente, momento en el cual pasar\u00e1n a tener vigencia las condiciones de uso modificadas.<\/p>\n<p>Las Entidades podr\u00e1n dar por terminado, suspender o interrumpir, en cualquier momento sin necesidad de preaviso, el acceso a los contenidos de la p\u00e1gina, sin posibilidad por parte del Usuario de exigir indemnizaci\u00f3n alguna. Tras dicha extinci\u00f3n, seguir\u00e1n vigentes las prohibiciones de uso de los contenidos, expuestas anteriormente en el presente Aviso Legal.<\/p>\n<ol start=\"8\">\n<li><strong> Comunicaciones<\/strong><\/li>\n<\/ol>\n<p>Cualquier comunicaci\u00f3n entre Abinsa y el Usuario, \u00e9ste deber\u00e1 dirigirse a Abinsa,\u00a0 a la direcci\u00f3n postal y\/o electr\u00f3nica arriba indicadas. En todo caso, las comunicaciones de Abinsa hacia el Usuario se realizar\u00e1n de conformidad con los datos de contacto aportados o facilitados. Expresamente, el Usuario acepta la utilizaci\u00f3n del correo electr\u00f3nico como procedimiento v\u00e1lido para el intercambio de informaci\u00f3n y la remisi\u00f3n de comunicaciones entre y\/o con Abinsa.<\/p>\n<ol start=\"9\">\n<li><strong> Generalidades<\/strong><\/li>\n<\/ol>\n<p>Los encabezamientos de las distintas cl\u00e1usulas son s\u00f3lo informativos, y no afectar\u00e1n, calificar\u00e1n o modificar\u00e1n la interpretaci\u00f3n del Aviso Legal.<\/p>\n<p>En caso de existir discrepancia entre lo establecido en este Aviso Legal y las condiciones particulares que, en su caso, puedan ser establecidas respecto de los productos o servicios ofrecidos en el Portal, prevalecer\u00e1 lo dispuesto en las condiciones particulares.<\/p>\n<p>En el caso de que cualquier disposici\u00f3n o disposiciones de este Aviso Legal fuera(n) considerada(s) nula(s) o inaplicable(s), en su totalidad o en parte, por cualquier Juzgado, Tribunal u \u00f3rgano administrativo competente, dicha nulidad o inaplicaci\u00f3n no afectar\u00e1 a las otras disposiciones del Aviso Legal ni a las condiciones particulares que, en su caso, hayan podido ser establecidas.<\/p>\n<p>El no ejercicio o ejecuci\u00f3n por parte de Abinsa de cualquier derecho o disposici\u00f3n contenida en este Aviso Legal no constituir\u00e1 una renuncia al mismo, salvo reconocimiento y acuerdo por escrito por su parte.<\/p>\n<ol start=\"10\">\n<li><strong> Legislaci\u00f3n aplicable y tribunales competentes<\/strong><\/li>\n<\/ol>\n<p>El presente Aviso Legal y las relaciones establecidas entre Abinsa y el Usuario, en particular el conocimiento y resoluci\u00f3n de cualesquiera litigios, discrepancias o diferencias que pudieran surgir, se regir\u00e1n y resolver\u00e1n de conformidad con lo establecido en la normativa espa\u00f1ola relativa a legislaci\u00f3n aplicable y jurisdicci\u00f3n competente.<\/p>\n<p>No obstante, para los casos en los que la normativa prevea la posibilidad a las partes de someterse a un fuero, Abinsa y el Usuario, con renuncia expresa a cualquier otro fuero que pudiera corresponderles, someter\u00e1n cualesquiera controversias y\/o litigios al conocimiento de los Juzgados y Tribunales de la ciudad del domicilio de Abinsa previsto en el presente Aviso Legal.<\/p>\n<div id=\"gtx-trans\" style=\"position: absolute; left: 404px; top: 64px;\">\n<div class=\"gtx-trans-icon\"><\/div>\n<\/div><\/div><\/div><\/div>\n","protected":false},"excerpt":{"rendered":"<p>Titularidad del portal web CONSTRUCTORA TECNICA ABINSA, S.L.. (en adelante, Abinsa), es el titular de este portal web (en adelante, el Portal). Su domicilio social se encuentra situado en el C\/ Sakura, 51 Pol. Ind. Pla de Santa Anna, 08272 Sant Fruit\u00f3s de Bages, (Barcelona) y su CIF es B67127589. El contacto electr\u00f3nico con Abinsa&#8230;<\/p>\n","protected":false},"author":1,"featured_media":0,"parent":0,"menu_order":0,"comment_status":"closed","ping_status":"closed","template":"","meta":{"footnotes":""},"class_list":["post-10509","page","type-page","status-publish","hentry"],"_links":{"self":[{"href":"https:\/\/www.abinsa.es\/ca\/wp-json\/wp\/v2\/pages\/10509"}],"collection":[{"href":"https:\/\/www.abinsa.es\/ca\/wp-json\/wp\/v2\/pages"}],"about":[{"href":"https:\/\/www.abinsa.es\/ca\/wp-json\/wp\/v2\/types\/page"}],"author":[{"embeddable":true,"href":"https:\/\/www.abinsa.es\/ca\/wp-json\/wp\/v2\/users\/1"}],"replies":[{"embeddable":true,"href":"https:\/\/www.abinsa.es\/ca\/wp-json\/wp\/v2\/comments?post=10509"}],"version-history":[{"count":5,"href":"https:\/\/www.abinsa.es\/ca\/wp-json\/wp\/v2\/pages\/10509\/revisions"}],"predecessor-version":[{"id":10993,"href":"https:\/\/www.abinsa.es\/ca\/wp-json\/wp\/v2\/pages\/10509\/revisions\/10993"}],"wp:attachment":[{"href":"https:\/\/www.abinsa.es\/ca\/wp-json\/wp\/v2\/media?parent=10509"}],"curies":[{"name":"wp","href":"https:\/\/api.w.org\/{rel}","templated":true}]}}